{"id":22421,"date":"2026-04-10T18:44:04","date_gmt":"2026-04-10T18:44:04","guid":{"rendered":""},"modified":"2026-04-10T18:44:04","modified_gmt":"2026-04-10T18:44:04","slug":"kaevoru-nahast-bico-fb411blk","status":"publish","type":"product","link":"https:\/\/bico.ee\/lv\/p\/rokasspradze-adas-bico-fb411blk\/","title":{"rendered":"Rokasspr\u0101dze \u0101das Bico (FB411BLK)"},"content":{"rendered":"<p>Nosaukums: D\u016bmu deja<br \/>\n<BR><UL><LI> Noz\u012bme: spirtu sildo\u0161a att\u012br\u012b\u0161ana<br \/>\n<\/LI><LI> Tr\u012bsk\u0101r\u0161a .12&#8242; (3mm) \u0101das auklas \u0161\u0137ipsna ar pewter savienot\u0101jiem un 10 b\u012bd\u0101miem pewter gredzeniem<br \/>\n<\/LI><LI> Ori\u0123in\u0101ls un unik\u0101ls Bico dizains, kas apvieno 3 .12&#8242; (3mm) melnas \u0101das auklas ar 10 p\u0101rvietojamiem pewter gredzeniem.<br \/>\nIzveidojiet savu unik\u0101lo &#8216;izskatu&#8217;, b\u012bdot gredzenus jebkur\u0101 kombin\u0101ciju skait\u0101<br \/>\n<\/LI><\/UL> <\/p>","protected":false},"excerpt":{"rendered":"<p>FB411BLK 0<\/p>\n","protected":false},"featured_media":22772,"template":"","meta":[],"product_cat":[106,159],"product_tag":[],"_links":{"self":[{"href":"https:\/\/bico.ee\/lv\/wp-json\/wp\/v2\/product\/22421"}],"collection":[{"href":"https:\/\/bico.ee\/lv\/wp-json\/wp\/v2\/product"}],"about":[{"href":"https:\/\/bico.ee\/lv\/wp-json\/wp\/v2\/types\/product"}],"wp:featuredmedia":[{"embeddable":true,"href":"https:\/\/bico.ee\/lv\/wp-json\/wp\/v2\/media\/22772"}],"wp:attachment":[{"href":"https:\/\/bico.ee\/lv\/wp-json\/wp\/v2\/media?parent=22421"}],"wp:term":[{"taxonomy":"product_cat","embeddable":true,"href":"https:\/\/bico.ee\/lv\/wp-json\/wp\/v2\/product_cat?post=22421"},{"taxonomy":"product_tag","embeddable":true,"href":"https:\/\/bico.ee\/lv\/wp-json\/wp\/v2\/product_tag?post=22421"}],"curies":[{"name":"wp","href":"https:\/\/api.w.org\/{rel}","templated":true}]}}