{"id":22429,"date":"2026-04-10T18:44:04","date_gmt":"2026-04-10T18:44:04","guid":{"rendered":""},"modified":"2026-04-10T18:44:04","modified_gmt":"2026-04-10T18:44:04","slug":"kaevoru-nahast-bico-fb420blk","status":"publish","type":"product","link":"https:\/\/bico.ee\/lv\/p\/rokasspradze-adas-bico-fb420blk\/","title":{"rendered":"Rokasspr\u0101dze \u0101das Bico (FB420BLK)"},"content":{"rendered":"<p>Nosaukums: Tr\u012bsk\u0101r\u0161\u0101 iet\u012b\u0161ana<br \/>\n<BR><UL><LI> \u0100das siksnas ar rok\u0101m darin\u0101tiem pewter savienot\u0101jiem<br \/>\n<\/LI><LI> .2&#8242;(5mm) plata .08&#8242; (2mm) bieza \u0101das siksna ar pewter savienot\u0101jiem, kas tr\u012bsk\u0101r\u0161i aptinas ap plaukstas loc\u012btavu.<br \/>\n<\/LI><LI> Bico klasiskais tr\u012bsk\u0101r\u0161ais plaukstas loc\u012btavas apvalks, kas apvieno .08&#8242; (2mm) un .2&#8242; (5mm) melnu \u0101das siksnu ar cietu pewter savienot\u0101ju, kas oksid\u0113ts meln\u0101 kr\u0101s\u0101 un p\u0113c tam ar roku mat\u0113ts, lai rad\u012btu izc\u0113lumus un mat\u0113tu apdari.<br \/>\n<\/LI><\/UL> <\/p>","protected":false},"excerpt":{"rendered":"<p>FB420BLK 0<\/p>\n","protected":false},"featured_media":22807,"template":"","meta":[],"product_cat":[106,159],"product_tag":[],"_links":{"self":[{"href":"https:\/\/bico.ee\/lv\/wp-json\/wp\/v2\/product\/22429"}],"collection":[{"href":"https:\/\/bico.ee\/lv\/wp-json\/wp\/v2\/product"}],"about":[{"href":"https:\/\/bico.ee\/lv\/wp-json\/wp\/v2\/types\/product"}],"wp:featuredmedia":[{"embeddable":true,"href":"https:\/\/bico.ee\/lv\/wp-json\/wp\/v2\/media\/22807"}],"wp:attachment":[{"href":"https:\/\/bico.ee\/lv\/wp-json\/wp\/v2\/media?parent=22429"}],"wp:term":[{"taxonomy":"product_cat","embeddable":true,"href":"https:\/\/bico.ee\/lv\/wp-json\/wp\/v2\/product_cat?post=22429"},{"taxonomy":"product_tag","embeddable":true,"href":"https:\/\/bico.ee\/lv\/wp-json\/wp\/v2\/product_tag?post=22429"}],"curies":[{"name":"wp","href":"https:\/\/api.w.org\/{rel}","templated":true}]}}