{"id":22433,"date":"2026-04-10T18:44:04","date_gmt":"2026-04-10T18:44:04","guid":{"rendered":""},"modified":"2026-04-10T18:44:04","modified_gmt":"2026-04-10T18:44:04","slug":"kaevoru-nahast-bico-fb421blk","status":"publish","type":"product","link":"https:\/\/bico.ee\/lv\/p\/rokasspradze-adas-bico-fb421blk\/","title":{"rendered":"Rokasspr\u0101dze \u0101das Bico (FB421BLK)"},"content":{"rendered":"<p>V\u0101rds, uzv\u0101rds: Aquus<br \/>\n<BR><UL><LI> Tr\u012bs .2&#8242;(5mm) platas .08&#8242; (2mm) biezas \u0101das siksnas ar rok\u0101m darin\u0101tiem pewter savienot\u0101jiem<br \/>\n<\/LI><LI> Bico klasiskais plaukstas loc\u012btavas apvalks, kas apvieno tr\u012bs .08&#8242; (2mm) un .2&#8242; (5mm) melnas un br\u016bnas \u0101das siksnas ar cietu pewter savienot\u0101ju, oksid\u0113ts meln\u0101 kr\u0101s\u0101 un p\u0113c tam ar rok\u0101m mat\u0113ts, lai rad\u012btu izc\u0113lumus un mat\u0113tu apdari.<br \/>\n<\/LI><\/UL> <\/p>","protected":false},"excerpt":{"rendered":"<p>FB421BLKBR 0<\/p>\n","protected":false},"featured_media":22814,"template":"","meta":[],"product_cat":[106,159],"product_tag":[],"_links":{"self":[{"href":"https:\/\/bico.ee\/lv\/wp-json\/wp\/v2\/product\/22433"}],"collection":[{"href":"https:\/\/bico.ee\/lv\/wp-json\/wp\/v2\/product"}],"about":[{"href":"https:\/\/bico.ee\/lv\/wp-json\/wp\/v2\/types\/product"}],"wp:featuredmedia":[{"embeddable":true,"href":"https:\/\/bico.ee\/lv\/wp-json\/wp\/v2\/media\/22814"}],"wp:attachment":[{"href":"https:\/\/bico.ee\/lv\/wp-json\/wp\/v2\/media?parent=22433"}],"wp:term":[{"taxonomy":"product_cat","embeddable":true,"href":"https:\/\/bico.ee\/lv\/wp-json\/wp\/v2\/product_cat?post=22433"},{"taxonomy":"product_tag","embeddable":true,"href":"https:\/\/bico.ee\/lv\/wp-json\/wp\/v2\/product_tag?post=22433"}],"curies":[{"name":"wp","href":"https:\/\/api.w.org\/{rel}","templated":true}]}}