{"id":22449,"date":"2026-04-10T18:44:04","date_gmt":"2026-04-10T18:44:04","guid":{"rendered":""},"modified":"2026-04-10T18:44:04","modified_gmt":"2026-04-10T18:44:04","slug":"kaevoru-nahast-bico-fb425blk","status":"publish","type":"product","link":"https:\/\/bico.ee\/lv\/p\/rokasspradze-adas-bico-fb425blk\/","title":{"rendered":"Rokasspr\u0101dze \u0101das Bico (FB425BLK)"},"content":{"rendered":"<p>V\u0101rds, uzv\u0101rds: Spearhead<br \/>\n<BR><UL><LI> Noz\u012bme: asa ap\u0146\u0113m\u012bba un piedz\u012bvojumi<br \/>\n<\/LI><LI> Unik\u0101ls Bico dizains, izmantojot divas .12&#8242; (3mm) \u0101das auklas \u0161\u0137ipsnas ar pewter galvaskausa savienot\u0101jiem.<br \/>\n<\/LI><LI> Ori\u0123in\u0101ls un unik\u0101ls Bico dizains, kas apvieno 2 .12&#8242; (3mm) melnas \u0101das auklas ar cietu pinwter Skull &amp;; Spike savienot\u0101ju.<br \/>\n<\/LI><\/UL> <\/p>","protected":false},"excerpt":{"rendered":"<p>FB425BLK 0<\/p>\n","protected":false},"featured_media":22851,"template":"","meta":[],"product_cat":[106,159],"product_tag":[],"_links":{"self":[{"href":"https:\/\/bico.ee\/lv\/wp-json\/wp\/v2\/product\/22449"}],"collection":[{"href":"https:\/\/bico.ee\/lv\/wp-json\/wp\/v2\/product"}],"about":[{"href":"https:\/\/bico.ee\/lv\/wp-json\/wp\/v2\/types\/product"}],"wp:featuredmedia":[{"embeddable":true,"href":"https:\/\/bico.ee\/lv\/wp-json\/wp\/v2\/media\/22851"}],"wp:attachment":[{"href":"https:\/\/bico.ee\/lv\/wp-json\/wp\/v2\/media?parent=22449"}],"wp:term":[{"taxonomy":"product_cat","embeddable":true,"href":"https:\/\/bico.ee\/lv\/wp-json\/wp\/v2\/product_cat?post=22449"},{"taxonomy":"product_tag","embeddable":true,"href":"https:\/\/bico.ee\/lv\/wp-json\/wp\/v2\/product_tag?post=22449"}],"curies":[{"name":"wp","href":"https:\/\/api.w.org\/{rel}","templated":true}]}}