{"id":22453,"date":"2026-04-10T18:44:04","date_gmt":"2026-04-10T18:44:04","guid":{"rendered":""},"modified":"2026-04-10T18:44:04","modified_gmt":"2026-04-10T18:44:04","slug":"kaevoru-puuvillast-mitmekihiline-bico-fb430blk","status":"publish","type":"product","link":"https:\/\/bico.ee\/lv\/p\/rokasspradze-no-kokvilnas-daudzslanu-bico-fb430blk\/","title":{"rendered":"Rokasspr\u0101dze no kokvilnas, daudzsl\u0101\u0146u Bico (FB430BLK)"},"content":{"rendered":"<p>Nosaukums: Dz\u012bslas<br \/>\n<BR><UL><LI> Daudz\u0161\u0137ipsnu kokvilnas aproce ar rok\u0101m darin\u0101tiem pewter savienot\u0101jiem<br \/>\n<\/LI><LI> Bico klasiskais plaukstas loc\u012btavas apvalks, kas apvieno piecas melnas .04&#8242; (1mm) kokvilnas auklas \u0161\u0137ipsnas ar cietiem pewter savienot\u0101jiem, oksid\u0113ts meln\u0101 kr\u0101s\u0101 un p\u0113c tam ar roku mat\u0113ts, lai rad\u012btu akcentus un mat\u0113tu apdari.<br \/>\n<\/LI><\/UL> <\/p>","protected":false},"excerpt":{"rendered":"<p>FB430BLK 0<\/p>\n","protected":false},"featured_media":22858,"template":"","meta":[],"product_cat":[106,159],"product_tag":[],"_links":{"self":[{"href":"https:\/\/bico.ee\/lv\/wp-json\/wp\/v2\/product\/22453"}],"collection":[{"href":"https:\/\/bico.ee\/lv\/wp-json\/wp\/v2\/product"}],"about":[{"href":"https:\/\/bico.ee\/lv\/wp-json\/wp\/v2\/types\/product"}],"wp:featuredmedia":[{"embeddable":true,"href":"https:\/\/bico.ee\/lv\/wp-json\/wp\/v2\/media\/22858"}],"wp:attachment":[{"href":"https:\/\/bico.ee\/lv\/wp-json\/wp\/v2\/media?parent=22453"}],"wp:term":[{"taxonomy":"product_cat","embeddable":true,"href":"https:\/\/bico.ee\/lv\/wp-json\/wp\/v2\/product_cat?post=22453"},{"taxonomy":"product_tag","embeddable":true,"href":"https:\/\/bico.ee\/lv\/wp-json\/wp\/v2\/product_tag?post=22453"}],"curies":[{"name":"wp","href":"https:\/\/api.w.org\/{rel}","templated":true}]}}