{"id":22457,"date":"2026-04-10T18:44:04","date_gmt":"2026-04-10T18:44:04","guid":{"rendered":""},"modified":"2026-04-10T18:44:04","modified_gmt":"2026-04-10T18:44:04","slug":"kaevoru-puuvillast-mitmekihiline-bico-fb431blk","status":"publish","type":"product","link":"https:\/\/bico.ee\/lv\/p\/rokasspradze-no-kokvilnas-daudzslanu-bico-fb431blk\/","title":{"rendered":"Rokasspr\u0101dze no kokvilnas, daudzsl\u0101\u0146u Bico (FB431BLK)"},"content":{"rendered":"<p>V\u0101rds, uzv\u0101rds: Modrs<br \/>\n<BR><UL><LI> Noz\u012bme: m\u016b\u017e\u012bgi modrs<br \/>\n<\/LI><LI> Daudzdz\u012bslu kokvilnas aproce ar rok\u0101m darin\u0101tu pewter galvaskausu un savienot\u0101jiem<br \/>\n<\/LI><LI> Bico klasiskais plaukstas loc\u012btavas apvalks, kas apvieno piecas melnas .04&#8242; (1mm) kokvilnas auklas \u0161\u0137ipsnas ar cietu galvaskausa elementu un savienot\u0101jiem, kas oksid\u0113ti meln\u0101 kr\u0101s\u0101 un p\u0113c tam ar rok\u0101m not\u012br\u012bti, lai rad\u012btu izc\u0113lumus un mat\u0113tu apdari.<br \/>\n<\/LI><\/UL> <\/p>","protected":false},"excerpt":{"rendered":"<p>FB431BLK 0<\/p>\n","protected":false},"featured_media":22868,"template":"","meta":[],"product_cat":[106,159],"product_tag":[],"_links":{"self":[{"href":"https:\/\/bico.ee\/lv\/wp-json\/wp\/v2\/product\/22457"}],"collection":[{"href":"https:\/\/bico.ee\/lv\/wp-json\/wp\/v2\/product"}],"about":[{"href":"https:\/\/bico.ee\/lv\/wp-json\/wp\/v2\/types\/product"}],"wp:featuredmedia":[{"embeddable":true,"href":"https:\/\/bico.ee\/lv\/wp-json\/wp\/v2\/media\/22868"}],"wp:attachment":[{"href":"https:\/\/bico.ee\/lv\/wp-json\/wp\/v2\/media?parent=22457"}],"wp:term":[{"taxonomy":"product_cat","embeddable":true,"href":"https:\/\/bico.ee\/lv\/wp-json\/wp\/v2\/product_cat?post=22457"},{"taxonomy":"product_tag","embeddable":true,"href":"https:\/\/bico.ee\/lv\/wp-json\/wp\/v2\/product_tag?post=22457"}],"curies":[{"name":"wp","href":"https:\/\/api.w.org\/{rel}","templated":true}]}}