{"id":22475,"date":"2026-04-10T18:44:04","date_gmt":"2026-04-10T18:44:04","guid":{"rendered":""},"modified":"2026-04-10T18:44:04","modified_gmt":"2026-04-10T18:44:04","slug":"kaelakee-kummist-reguleeritav-bico-sba5","status":"publish","type":"product","link":"https:\/\/bico.ee\/lv\/p\/kaklarotas-gumija-regulejams-bico-sba5\/","title":{"rendered":"Kaklarotas gumija, regul\u0113jams BICO (SBA5)"},"content":{"rendered":"<p>Nosaukums: Piesk\u0101riens<br \/>\n<BR><UL><LI> Noz\u012bme: saskaroties ar vienu ce\u013cu, redzot visus ce\u013cus<br \/>\n<\/LI><LI> Regul\u0113jamu gumijas kaklarotu var main\u012bt no 18 l\u012bdz 20 l\u012bdz 22 coll\u0101m (45 mm vai 50 vai 55 mm).<br \/>\n<\/LI><LI> Ori\u0123in\u0101ls un unik\u0101ls Bico dizains, kas apvieno ar rok\u0101m apstr\u0101d\u0101tu pewter kulonu ar regul\u0113jamu 0,12&#8242; (3 mm) melnu gumijas auklu.<br \/>\nRegul\u0113jam\u0101s kaklarotas garumu var main\u012bt no 18 coll\u0101m (45 mm) uz 22 coll\u0101m (55 mm), izmantojot integr\u0113to t\u0113rauda \u0137\u0113des elementu<br \/>\nPieejams 5 dizainos: no SBA1 l\u012bdz SBA5<br \/>\n<\/LI><\/UL> <\/p>","protected":false},"excerpt":{"rendered":"<p>SBA5 825873079386<\/p>\n","protected":false},"featured_media":22899,"template":"","meta":[],"product_cat":[169],"product_tag":[],"_links":{"self":[{"href":"https:\/\/bico.ee\/lv\/wp-json\/wp\/v2\/product\/22475"}],"collection":[{"href":"https:\/\/bico.ee\/lv\/wp-json\/wp\/v2\/product"}],"about":[{"href":"https:\/\/bico.ee\/lv\/wp-json\/wp\/v2\/types\/product"}],"wp:featuredmedia":[{"embeddable":true,"href":"https:\/\/bico.ee\/lv\/wp-json\/wp\/v2\/media\/22899"}],"wp:attachment":[{"href":"https:\/\/bico.ee\/lv\/wp-json\/wp\/v2\/media?parent=22475"}],"wp:term":[{"taxonomy":"product_cat","embeddable":true,"href":"https:\/\/bico.ee\/lv\/wp-json\/wp\/v2\/product_cat?post=22475"},{"taxonomy":"product_tag","embeddable":true,"href":"https:\/\/bico.ee\/lv\/wp-json\/wp\/v2\/product_tag?post=22475"}],"curies":[{"name":"wp","href":"https:\/\/api.w.org\/{rel}","templated":true}]}}