{"id":22477,"date":"2026-04-10T18:44:04","date_gmt":"2026-04-10T18:44:04","guid":{"rendered":""},"modified":"2026-04-10T18:44:04","modified_gmt":"2026-04-10T18:44:04","slug":"kaelakee-nahast-reguleeritav-bico-sbd2","status":"publish","type":"product","link":"https:\/\/bico.ee\/lv\/p\/kaklarota-ada-regulejams-bico-sbd2\/","title":{"rendered":"Kaklarota \u0101da, regul\u0113jams BICO (SBD2)"},"content":{"rendered":"<p>V\u0101rds, uzv\u0101rds: Krauklis Sp\u012brss<br \/>\n<BR><UL><LI> Noz\u012bme: lidot taisni un patiesi<br \/>\n<\/LI><LI> Regul\u0113jamu meln\u0101s \u0101das kaklarotu var main\u012bt no 18 l\u012bdz 20 l\u012bdz 22 coll\u0101m (45 mm vai 50 vai 55 mm).<br \/>\n<\/LI><LI> Ori\u0123in\u0101ls un unik\u0101ls Bico dizains, kas apvieno ar rok\u0101m darin\u0101tu kulonu ar regul\u0113jamu 0,12&#8242; (3 mm) melnu \u0101das auklu.<br \/>\nRegul\u0113jam\u0101s kaklarotas garumu var main\u012bt no 18 coll\u0101m (45 mm) uz 22 coll\u0101m (55 mm), izmantojot integr\u0113to t\u0113rauda \u0137\u0113des elementu<br \/>\nPieejams 6 dizainos: no SBD1 l\u012bdz SBD6<br \/>\n<\/LI><\/UL> <\/p>","protected":false},"excerpt":{"rendered":"<p>SBD2 825873079461<\/p>\n","protected":false},"featured_media":22910,"template":"","meta":[],"product_cat":[169],"product_tag":[],"_links":{"self":[{"href":"https:\/\/bico.ee\/lv\/wp-json\/wp\/v2\/product\/22477"}],"collection":[{"href":"https:\/\/bico.ee\/lv\/wp-json\/wp\/v2\/product"}],"about":[{"href":"https:\/\/bico.ee\/lv\/wp-json\/wp\/v2\/types\/product"}],"wp:featuredmedia":[{"embeddable":true,"href":"https:\/\/bico.ee\/lv\/wp-json\/wp\/v2\/media\/22910"}],"wp:attachment":[{"href":"https:\/\/bico.ee\/lv\/wp-json\/wp\/v2\/media?parent=22477"}],"wp:term":[{"taxonomy":"product_cat","embeddable":true,"href":"https:\/\/bico.ee\/lv\/wp-json\/wp\/v2\/product_cat?post=22477"},{"taxonomy":"product_tag","embeddable":true,"href":"https:\/\/bico.ee\/lv\/wp-json\/wp\/v2\/product_tag?post=22477"}],"curies":[{"name":"wp","href":"https:\/\/api.w.org\/{rel}","templated":true}]}}