{"id":22485,"date":"2026-04-10T18:44:04","date_gmt":"2026-04-10T18:44:04","guid":{"rendered":""},"modified":"2026-04-10T18:44:04","modified_gmt":"2026-04-10T18:44:04","slug":"kaelakee-nahast-reguleeritav-bico-sbc4","status":"publish","type":"product","link":"https:\/\/bico.ee\/lv\/p\/kaklarotas-ada-regulejams-bico-sbc4\/","title":{"rendered":"Kaklarotas \u0101da, regul\u0113jams BICO (SBC4)"},"content":{"rendered":"<p>V\u0101rds, uzv\u0101rds: Streiks<br \/>\n<BR><UL><LI> Noz\u012bme: r\u012bkoties bez bail\u0113m<br \/>\n<\/LI><LI> Regul\u0113jamu meln\u0101s \u0101das kaklarotu var main\u012bt no 18 l\u012bdz 20 l\u012bdz 22 coll\u0101m (45 mm vai 50 vai 55 mm).<br \/>\n<\/LI><LI> Ori\u0123in\u0101ls un unik\u0101ls Bico dizains, kas apvieno ar rok\u0101m darin\u0101tu kulonu ar regul\u0113jamu 0,12&#8242; (3 mm) melnu \u0101das auklu.<br \/>\nRegul\u0113jam\u0101s kaklarotas garumu var main\u012bt no 18 coll\u0101m (45 mm) uz 22 coll\u0101m (55 mm), izmantojot integr\u0113to t\u0113rauda \u0137\u0113des elementu<br \/>\nPieejams 6 dizainos: SBC1 l\u012bdz SBC6<br \/>\n<\/LI><\/UL> <\/p>","protected":false},"excerpt":{"rendered":"<p>SBC4 825873079423<\/p>\n","protected":false},"featured_media":22947,"template":"","meta":[],"product_cat":[169],"product_tag":[],"_links":{"self":[{"href":"https:\/\/bico.ee\/lv\/wp-json\/wp\/v2\/product\/22485"}],"collection":[{"href":"https:\/\/bico.ee\/lv\/wp-json\/wp\/v2\/product"}],"about":[{"href":"https:\/\/bico.ee\/lv\/wp-json\/wp\/v2\/types\/product"}],"wp:featuredmedia":[{"embeddable":true,"href":"https:\/\/bico.ee\/lv\/wp-json\/wp\/v2\/media\/22947"}],"wp:attachment":[{"href":"https:\/\/bico.ee\/lv\/wp-json\/wp\/v2\/media?parent=22485"}],"wp:term":[{"taxonomy":"product_cat","embeddable":true,"href":"https:\/\/bico.ee\/lv\/wp-json\/wp\/v2\/product_cat?post=22485"},{"taxonomy":"product_tag","embeddable":true,"href":"https:\/\/bico.ee\/lv\/wp-json\/wp\/v2\/product_tag?post=22485"}],"curies":[{"name":"wp","href":"https:\/\/api.w.org\/{rel}","templated":true}]}}