{"id":22588,"date":"2026-04-10T18:44:04","date_gmt":"2026-04-10T18:44:04","guid":{"rendered":""},"modified":"2026-04-10T18:44:04","modified_gmt":"2026-04-10T18:44:04","slug":"kett-ripatsiga-teras-rf1p17a","status":"publish","type":"product","link":"https:\/\/bico.ee\/lv\/p\/kede-ar-kulonu-terauds-rf1p17a\/","title":{"rendered":"\u0136\u0113de ar kulonu, t\u0113rauds (RF1P17A)"},"content":{"rendered":"<p>V\u0101rds: Diamonds In The Rough<br \/>\n <\/p>\n<ul>\n<li>Noz\u012bme: katr\u0101 ir visu zvaig\u017e\u0146u\n<\/li>\n<li>Ciets oksid\u0113ts alvas kulons ar 31,5 collu (80 cm) t\u0113rauda \u0137\u0113di\n<\/li>\n<li>31,5 \u2033 (80 cm) t\u0113rauda \u0137\u0113de, kas p\u0101rkl\u0101ta ar super cietu caursp\u012bd\u012bgu sl\u0101ni, apvienojum\u0101 ar alvas kulonu oksid\u0113tu melnu un p\u0113c tam ar rok\u0101m not\u012br\u012bts, lai rad\u012btu izceltus un mat\u0113tu apdari.<br \/>\nPieejams 9 dizainparaugos: RF1P15 l\u012bdz RF1P22\n<\/li>\n<\/ul>\n<p> <\/p>","protected":false},"excerpt":{"rendered":"<p>RF1P17A 825873077627<\/p>\n","protected":false},"featured_media":22973,"template":"","meta":[],"product_cat":[169],"product_tag":[],"_links":{"self":[{"href":"https:\/\/bico.ee\/lv\/wp-json\/wp\/v2\/product\/22588"}],"collection":[{"href":"https:\/\/bico.ee\/lv\/wp-json\/wp\/v2\/product"}],"about":[{"href":"https:\/\/bico.ee\/lv\/wp-json\/wp\/v2\/types\/product"}],"wp:featuredmedia":[{"embeddable":true,"href":"https:\/\/bico.ee\/lv\/wp-json\/wp\/v2\/media\/22973"}],"wp:attachment":[{"href":"https:\/\/bico.ee\/lv\/wp-json\/wp\/v2\/media?parent=22588"}],"wp:term":[{"taxonomy":"product_cat","embeddable":true,"href":"https:\/\/bico.ee\/lv\/wp-json\/wp\/v2\/product_cat?post=22588"},{"taxonomy":"product_tag","embeddable":true,"href":"https:\/\/bico.ee\/lv\/wp-json\/wp\/v2\/product_tag?post=22588"}],"curies":[{"name":"wp","href":"https:\/\/api.w.org\/{rel}","templated":true}]}}