{"id":24705,"date":"2026-04-10T18:44:04","date_gmt":"2026-04-10T18:44:04","guid":{"rendered":""},"modified":"2026-04-10T18:44:04","modified_gmt":"2026-04-10T18:44:04","slug":"ripats-iiri-keldi-solm-t1152","status":"publish","type":"product","link":"https:\/\/bico.ee\/lv\/p\/kulons-irijas-keltu-mezgls-t1152\/","title":{"rendered":"Kulons &#8220;\u012arijas \u0137eltu mezgls&#8221; (T1152)"},"content":{"rendered":"<p>V\u0101rds: \u012arijas \u0137eltu mezgls<br \/>\n<BR><UL><LI> Ner\u016bs\u0113jo\u0161\u0101 t\u0113rauda kuloni<br \/>\n<\/LI><LI> Vec\u0101 m\u012blest\u012bba, k\u0101 zin\u0101ms, ner\u016bs\u0113, un m\u016bsu kulonu medic\u012bniskais t\u0113rauds ir v\u0113l jo vair\u0101k. Tie ar\u012b neiziet no modes, jo to liedz simbolisma univers\u0101lums, kas bie\u017ei aizg\u016bts no visda\u017e\u0101d\u0101ko kult\u016bru vizu\u0101l\u0101 arsen\u0101la: \u0137eltu, \u0113\u0123iptie\u0161u, sl\u0101vu utt.<br \/>\n<\/LI><LI> Minim\u0101lais cauruma diametrs 5mm<br \/>\n<\/LI><\/UL><\/p>","protected":false},"excerpt":{"rendered":"<p>T1152 0<\/p>\n","protected":false},"featured_media":25279,"template":"","meta":[],"product_cat":[179],"product_tag":[],"_links":{"self":[{"href":"https:\/\/bico.ee\/lv\/wp-json\/wp\/v2\/product\/24705"}],"collection":[{"href":"https:\/\/bico.ee\/lv\/wp-json\/wp\/v2\/product"}],"about":[{"href":"https:\/\/bico.ee\/lv\/wp-json\/wp\/v2\/types\/product"}],"wp:featuredmedia":[{"embeddable":true,"href":"https:\/\/bico.ee\/lv\/wp-json\/wp\/v2\/media\/25279"}],"wp:attachment":[{"href":"https:\/\/bico.ee\/lv\/wp-json\/wp\/v2\/media?parent=24705"}],"wp:term":[{"taxonomy":"product_cat","embeddable":true,"href":"https:\/\/bico.ee\/lv\/wp-json\/wp\/v2\/product_cat?post=24705"},{"taxonomy":"product_tag","embeddable":true,"href":"https:\/\/bico.ee\/lv\/wp-json\/wp\/v2\/product_tag?post=24705"}],"curies":[{"name":"wp","href":"https:\/\/api.w.org\/{rel}","templated":true}]}}