{"id":24783,"date":"2026-04-10T18:44:04","date_gmt":"2026-04-10T18:44:04","guid":{"rendered":""},"modified":"2026-04-10T18:44:04","modified_gmt":"2026-04-10T18:44:04","slug":"keti-kaelakee-handsome-t106-5-2-1-8mm","status":"publish","type":"product","link":"https:\/\/bico.ee\/lv\/p\/kedes-kaklarota-handsome-t106-5-2-1-8mm\/","title":{"rendered":"\u0137\u0113des kaklarota  &#8220;Handsome&#8221; (T106) 5,2*1,8mm"},"content":{"rendered":"<p>V\u0101rds: Handsome<br \/>\n<BR><UL><LI> Ner\u016bs\u0113jo\u0161\u0101 t\u0113rauda \u0137\u0113des<br \/>\n<\/LI><LI> \u0136irur\u0123isk\u0101 t\u0113rauda \u0137\u0113de bez p\u0101rkl\u0101juma. Produkts laika gait\u0101 neizbal\u0113s un ilgu laiku saglab\u0101s savu spilgto kr\u0101su un met\u0101la sp\u012bdumu. Dekor\u0101cija ir ide\u0101li piem\u0113rota katrai dienai. \u0136\u0113des, kas izgatavotas no medic\u012bnisk\u0101 t\u0113rauda, \u200b\u200bnebaid\u0101s no \u016bdens un ner\u016bs\u0113, nekairina \u0101du, ir iztur\u012bgas un iztur\u012bgas, k\u0101 ar\u012b laika gait\u0101 nesatumst.<br \/>\n<\/LI><\/UL><\/p>","protected":false},"excerpt":{"rendered":"<p>T106 0<\/p>\n","protected":false},"featured_media":26594,"template":"","meta":[],"product_cat":[172],"product_tag":[],"_links":{"self":[{"href":"https:\/\/bico.ee\/lv\/wp-json\/wp\/v2\/product\/24783"}],"collection":[{"href":"https:\/\/bico.ee\/lv\/wp-json\/wp\/v2\/product"}],"about":[{"href":"https:\/\/bico.ee\/lv\/wp-json\/wp\/v2\/types\/product"}],"wp:featuredmedia":[{"embeddable":true,"href":"https:\/\/bico.ee\/lv\/wp-json\/wp\/v2\/media\/26594"}],"wp:attachment":[{"href":"https:\/\/bico.ee\/lv\/wp-json\/wp\/v2\/media?parent=24783"}],"wp:term":[{"taxonomy":"product_cat","embeddable":true,"href":"https:\/\/bico.ee\/lv\/wp-json\/wp\/v2\/product_cat?post=24783"},{"taxonomy":"product_tag","embeddable":true,"href":"https:\/\/bico.ee\/lv\/wp-json\/wp\/v2\/product_tag?post=24783"}],"curies":[{"name":"wp","href":"https:\/\/api.w.org\/{rel}","templated":true}]}}