{"id":26657,"date":"2026-04-10T18:44:04","date_gmt":"2026-04-10T18:44:04","guid":{"rendered":""},"modified":"2026-04-10T18:44:04","modified_gmt":"2026-04-10T18:44:04","slug":"harjatud-terasest-kuulkett-bico-ssf04-3mm-3x-kuulid-latt","status":"publish","type":"product","link":"https:\/\/bico.ee\/lv\/p\/bumbas-kede-kas-izgatavota-no-mateta-terauda-bico-ssf04-3mm-3xball-1bar\/","title":{"rendered":"Bumbas \u0137\u0113de, kas izgatavota no mat\u0113ta t\u0113rauda Bico (SSF04) 3mm 3xball+1Bar"},"content":{"rendered":"<p>\u0160\u012b lod\u012b\u0161u \u0137\u0113de ir izgatavota no ner\u016bs\u0113jo\u0161\u0101 t\u0113rauda, sl\u012bp\u0113ta ar rok\u0101m un ar m\u012bkstu mat\u0113tu apdari. Gandr\u012bz m\u016b\u017e\u012bgs materi\u0101ls, kam nav nepiecie\u0161ama apr\u016bpe, nezaud\u0113jot savu \u0161iks. Garumu var regul\u0113t, v\u012bt\u0146ojot \u0137\u0113di caur aizdari, un \u0137\u0113di var sa\u012bsin\u0101t, grie\u017eot starp sait\u0113m. Pieejamais garums: 40-75cm atkar\u012bb\u0101 no mode\u013ca. Bico pied\u0101v\u0101 virkni ori\u0123in\u0101lo balstiek\u0101rtu, lai pabeigtu E s\u0113rijas komplektu un taml\u012bdz\u012bgi.<\/p>","protected":false},"excerpt":{"rendered":"<p>SSF04 0<\/p>\n","protected":false},"featured_media":27126,"template":"","meta":[],"product_cat":[199],"product_tag":[],"_links":{"self":[{"href":"https:\/\/bico.ee\/lv\/wp-json\/wp\/v2\/product\/26657"}],"collection":[{"href":"https:\/\/bico.ee\/lv\/wp-json\/wp\/v2\/product"}],"about":[{"href":"https:\/\/bico.ee\/lv\/wp-json\/wp\/v2\/types\/product"}],"wp:featuredmedia":[{"embeddable":true,"href":"https:\/\/bico.ee\/lv\/wp-json\/wp\/v2\/media\/27126"}],"wp:attachment":[{"href":"https:\/\/bico.ee\/lv\/wp-json\/wp\/v2\/media?parent=26657"}],"wp:term":[{"taxonomy":"product_cat","embeddable":true,"href":"https:\/\/bico.ee\/lv\/wp-json\/wp\/v2\/product_cat?post=26657"},{"taxonomy":"product_tag","embeddable":true,"href":"https:\/\/bico.ee\/lv\/wp-json\/wp\/v2\/product_tag?post=26657"}],"curies":[{"name":"wp","href":"https:\/\/api.w.org\/{rel}","templated":true}]}}