{"id":26766,"date":"2026-04-10T18:44:05","date_gmt":"2026-04-10T18:44:05","guid":{"rendered":""},"modified":"2026-04-10T18:44:05","modified_gmt":"2026-04-10T18:44:05","slug":"harjatud-terasest-kett-stylus-bico-ssf95-3-0mm","status":"publish","type":"product","link":"https:\/\/bico.ee\/lv\/p\/matetas-terauda-kedes-irbuli-bico-ssf95-3-0-mm\/","title":{"rendered":"Mat\u0113tas t\u0113rauda \u0137\u0113des, irbuli, Bico (SSF95) 3,0 mm"},"content":{"rendered":"<p>\u0160\u012b \u0137\u0113de ir izgatavota no ner\u016bs\u0113jo\u0161\u0101 t\u0113rauda, sl\u012bp\u0113ta ar rok\u0101m un ar m\u012bkstu mat\u0113tu apdari. Gandr\u012bz m\u016b\u017e\u012bgs materi\u0101ls, kam nav nepiecie\u0161ama apr\u016bpe, nezaud\u0113jot savu \u0161iks. Pieejamais garums: 40-75cm atkar\u012bb\u0101 no mode\u013ca. Bico pied\u0101v\u0101 virkni ori\u0123in\u0101lo balstiek\u0101rtu, lai pabeigtu E s\u0113rijas komplektu un taml\u012bdz\u012bgi.<\/p>","protected":false},"excerpt":{"rendered":"<p>SSF95 0<\/p>\n","protected":false},"featured_media":26957,"template":"","meta":[],"product_cat":[199],"product_tag":[],"_links":{"self":[{"href":"https:\/\/bico.ee\/lv\/wp-json\/wp\/v2\/product\/26766"}],"collection":[{"href":"https:\/\/bico.ee\/lv\/wp-json\/wp\/v2\/product"}],"about":[{"href":"https:\/\/bico.ee\/lv\/wp-json\/wp\/v2\/types\/product"}],"wp:featuredmedia":[{"embeddable":true,"href":"https:\/\/bico.ee\/lv\/wp-json\/wp\/v2\/media\/26957"}],"wp:attachment":[{"href":"https:\/\/bico.ee\/lv\/wp-json\/wp\/v2\/media?parent=26766"}],"wp:term":[{"taxonomy":"product_cat","embeddable":true,"href":"https:\/\/bico.ee\/lv\/wp-json\/wp\/v2\/product_cat?post=26766"},{"taxonomy":"product_tag","embeddable":true,"href":"https:\/\/bico.ee\/lv\/wp-json\/wp\/v2\/product_tag?post=26766"}],"curies":[{"name":"wp","href":"https:\/\/api.w.org\/{rel}","templated":true}]}}