{"id":26825,"date":"2026-04-10T18:44:05","date_gmt":"2026-04-10T18:44:05","guid":{"rendered":""},"modified":"2026-04-10T18:44:05","modified_gmt":"2026-04-10T18:44:05","slug":"harjatud-terasest-kaevoru-bico-ssfb14blk","status":"publish","type":"product","link":"https:\/\/bico.ee\/lv\/p\/mateta-terauda-rokasspradze-bico-ssfb14blk\/","title":{"rendered":"Mat\u0113ta t\u0113rauda rokasspr\u0101dze Bico (SSFB14BLK)"},"content":{"rendered":"<p>\u0160\u012b rokasspr\u0101dze ir izgatavota no ner\u016bs\u0113jo\u0161\u0101 t\u0113rauda, pul\u0113ta ar rok\u0101m un ar m\u012bkstu mat\u0113tu apdari. Gandr\u012bz m\u016b\u017e\u012bgs materi\u0101ls, kam nav nepiecie\u0161ama apr\u016bpe, nezaud\u0113jot savu \u0161iks. Pieejamais garums: 18,21,24cm atkar\u012bb\u0101 no mode\u013ca. Bico pied\u0101v\u0101 papildin\u0101t rokasspr\u0101dzi ar \u0137\u0113d\u0113m ar ori\u0123in\u0101liem kuloniem, lai pabeigtu komplektu.<\/p>","protected":false},"excerpt":{"rendered":"<p>SSFB14BLK 0<\/p>\n","protected":false},"featured_media":27045,"template":"","meta":[],"product_cat":[311,106],"product_tag":[],"_links":{"self":[{"href":"https:\/\/bico.ee\/lv\/wp-json\/wp\/v2\/product\/26825"}],"collection":[{"href":"https:\/\/bico.ee\/lv\/wp-json\/wp\/v2\/product"}],"about":[{"href":"https:\/\/bico.ee\/lv\/wp-json\/wp\/v2\/types\/product"}],"wp:featuredmedia":[{"embeddable":true,"href":"https:\/\/bico.ee\/lv\/wp-json\/wp\/v2\/media\/27045"}],"wp:attachment":[{"href":"https:\/\/bico.ee\/lv\/wp-json\/wp\/v2\/media?parent=26825"}],"wp:term":[{"taxonomy":"product_cat","embeddable":true,"href":"https:\/\/bico.ee\/lv\/wp-json\/wp\/v2\/product_cat?post=26825"},{"taxonomy":"product_tag","embeddable":true,"href":"https:\/\/bico.ee\/lv\/wp-json\/wp\/v2\/product_tag?post=26825"}],"curies":[{"name":"wp","href":"https:\/\/api.w.org\/{rel}","templated":true}]}}