{"id":27966,"date":"2026-04-10T18:44:05","date_gmt":"2026-04-10T18:44:05","guid":{"rendered":""},"modified":"2026-04-10T18:44:05","modified_gmt":"2026-04-10T18:44:05","slug":"adapteri-rongas-bico-ripatsile-l11-13mm","status":"publish","type":"product","link":"https:\/\/bico.ee\/lv\/p\/adaptera-gredzens-bico-kulonam-l11-13mm\/","title":{"rendered":"Adaptera gredzens BICO kulonam (L11) 13mm"},"content":{"rendered":"<p>\u0160is gredzens tiek izmantots, ja v\u0113laties:<br \/>\n<BR><UL><LI>Valk\u0101t vair\u0101kus kulonus uz vienas \u0137\u0113d\u012btes vai kaklarotas vienlaikus.<\/LI> <LI>Kulona cilpa ir p\u0101r\u0101k maza, lai to uzvilktu uz \u0137\u0113des vai kaklarotas.<\/LI> <LI>Gredzens, kas bija komplekt\u0101 ar BICO kaklarotu, ir pazaud\u0113ts.<\/LI> <LI>Cilpu diametri: L1 = 15 mm, L2 = 11 mm, L3 = 10 mm, L10 = 13 mm, L11 = 13 mm<\/LI><\/UL><\/p>","protected":false},"excerpt":{"rendered":"<p>L11 PIGU60685189<\/p>\n","protected":false},"featured_media":27984,"template":"","meta":[],"product_cat":[303],"product_tag":[],"_links":{"self":[{"href":"https:\/\/bico.ee\/lv\/wp-json\/wp\/v2\/product\/27966"}],"collection":[{"href":"https:\/\/bico.ee\/lv\/wp-json\/wp\/v2\/product"}],"about":[{"href":"https:\/\/bico.ee\/lv\/wp-json\/wp\/v2\/types\/product"}],"wp:featuredmedia":[{"embeddable":true,"href":"https:\/\/bico.ee\/lv\/wp-json\/wp\/v2\/media\/27984"}],"wp:attachment":[{"href":"https:\/\/bico.ee\/lv\/wp-json\/wp\/v2\/media?parent=27966"}],"wp:term":[{"taxonomy":"product_cat","embeddable":true,"href":"https:\/\/bico.ee\/lv\/wp-json\/wp\/v2\/product_cat?post=27966"},{"taxonomy":"product_tag","embeddable":true,"href":"https:\/\/bico.ee\/lv\/wp-json\/wp\/v2\/product_tag?post=27966"}],"curies":[{"name":"wp","href":"https:\/\/api.w.org\/{rel}","templated":true}]}}