{"id":28220,"date":"2026-04-10T18:44:00","date_gmt":"2026-04-10T18:44:00","guid":{"rendered":""},"modified":"2026-04-10T18:44:00","modified_gmt":"2026-04-10T18:44:00","slug":"bico-6-mm-tumepruun-punutud-nahast-kaelakee-kasitsi-valmistatud-kinnituste-ja-aasaga-cl15-darkbrown","status":"publish","type":"product","link":"https:\/\/bico.ee\/lv\/p\/bico-6-mm-tumsi-bruna-pitas-adas-kaklarota-ar-roku-darba-aizdarem-un-cilpu-cl15-darkbrown\/","title":{"rendered":"Bico 6 mm tum\u0161i br\u016bna p\u012btas \u0101das kaklarota ar roku darba aizdar\u0113m un cilpu (CL15 DarkBrown)"},"content":{"rendered":"<p>BICO \u0101das izstr\u0101d\u0101jumi tiek izgatavoti, izmantojot tikai \u012bstu govs \u0101du. T\u0101 k\u0101 \u0101da ir dab\u012bgs materi\u0101ls, katra izstr\u0101d\u0101juma kr\u0101sa un tekst\u016bra var nedaudz at\u0161\u0137irties.<BR><UL><LI>Izgatavots, izmantojot 5 mm p\u012btu \u0101das auklu un sat\u012bna apdares ner\u016bs\u0113jo\u0161o t\u0113raudu.<\/LI><LI>Pieejam\u0101s kr\u0101sas: melna, br\u016bna, tum\u0161i br\u016bna <\/LI><LI>Pieejamie garumi: 40, 45, 50, 55 un 65 cm<\/LI><LI>Bico pied\u0101v\u0101 ori\u0123in\u0101lu kulonu kl\u0101stu, lai pabeigtu komplektu<\/LI><\/UL><\/p>","protected":false},"excerpt":{"rendered":"<p>CL15DKBR 0<\/p>\n","protected":false},"featured_media":28279,"template":"","meta":[],"product_cat":[313],"product_tag":[],"_links":{"self":[{"href":"https:\/\/bico.ee\/lv\/wp-json\/wp\/v2\/product\/28220"}],"collection":[{"href":"https:\/\/bico.ee\/lv\/wp-json\/wp\/v2\/product"}],"about":[{"href":"https:\/\/bico.ee\/lv\/wp-json\/wp\/v2\/types\/product"}],"wp:featuredmedia":[{"embeddable":true,"href":"https:\/\/bico.ee\/lv\/wp-json\/wp\/v2\/media\/28279"}],"wp:attachment":[{"href":"https:\/\/bico.ee\/lv\/wp-json\/wp\/v2\/media?parent=28220"}],"wp:term":[{"taxonomy":"product_cat","embeddable":true,"href":"https:\/\/bico.ee\/lv\/wp-json\/wp\/v2\/product_cat?post=28220"},{"taxonomy":"product_tag","embeddable":true,"href":"https:\/\/bico.ee\/lv\/wp-json\/wp\/v2\/product_tag?post=28220"}],"curies":[{"name":"wp","href":"https:\/\/api.w.org\/{rel}","templated":true}]}}