{"id":28345,"date":"2026-04-10T18:44:04","date_gmt":"2026-04-10T18:44:04","guid":{"rendered":""},"modified":"2026-04-10T18:44:04","modified_gmt":"2026-04-10T18:44:04","slug":"kaevoru-nahast-bico-fb403na","status":"publish","type":"product","link":"https:\/\/bico.ee\/lv\/p\/rokasspradze-adas-bico-fb403na\/","title":{"rendered":"Rokasspr\u0101dze \u0101das Bico (FB403NA)"},"content":{"rendered":"<p>V\u0101rds, uzv\u0101rds: Double Bolo<br \/>\n<BR><UL><LI> Divk\u0101r\u0161a pinuma .24\u2033 (6 mm) gai\u0161i br\u016bna \u0101das \u201cbolo\u201d aproce ar ar rok\u0101m apstr\u0101d\u0101tiem alvas savienot\u0101jiem<br \/>\n<\/LI><LI> Klasiska \u201cBico\u201d gai\u0161i br\u016bnas \u0101das divk\u0101r\u0161a .24\u2033 (6 mm) \u201cbolo\u201d aproce, apvienota ar mas\u012bvu alvas savienot\u0101ju, oksid\u0113tu l\u012bdz melnai kr\u0101sai un p\u0113c tam ar rok\u0101m sl\u012bp\u0113tu, lai izceltu deta\u013cas un ieg\u016btu mat\u0113tu apdari. <\/LI><\/UL><\/p>","protected":false},"excerpt":{"rendered":"<p>FB403NA 0<\/p>\n","protected":false},"featured_media":28349,"template":"","meta":[],"product_cat":[106,159],"product_tag":[],"_links":{"self":[{"href":"https:\/\/bico.ee\/lv\/wp-json\/wp\/v2\/product\/28345"}],"collection":[{"href":"https:\/\/bico.ee\/lv\/wp-json\/wp\/v2\/product"}],"about":[{"href":"https:\/\/bico.ee\/lv\/wp-json\/wp\/v2\/types\/product"}],"wp:featuredmedia":[{"embeddable":true,"href":"https:\/\/bico.ee\/lv\/wp-json\/wp\/v2\/media\/28349"}],"wp:attachment":[{"href":"https:\/\/bico.ee\/lv\/wp-json\/wp\/v2\/media?parent=28345"}],"wp:term":[{"taxonomy":"product_cat","embeddable":true,"href":"https:\/\/bico.ee\/lv\/wp-json\/wp\/v2\/product_cat?post=28345"},{"taxonomy":"product_tag","embeddable":true,"href":"https:\/\/bico.ee\/lv\/wp-json\/wp\/v2\/product_tag?post=28345"}],"curies":[{"name":"wp","href":"https:\/\/api.w.org\/{rel}","templated":true}]}}